{"id":876,"date":"2019-09-28T19:17:44","date_gmt":"2019-09-28T17:17:44","guid":{"rendered":"https:\/\/www.euroelectrictour.com\/w\/?page_id=876"},"modified":"2021-08-28T13:25:30","modified_gmt":"2021-08-28T11:25:30","slug":"a-propos","status":"publish","type":"page","link":"https:\/\/fr.euroelectrictour.com\/fr\/a-propos\/","title":{"rendered":"\u00c0 propos"},"content":{"rendered":"<blockquote>\n<p><em>Euro Electric Tour* &#8211; grand tour d&rsquo;Europe en voiture \u00e9lectrique, <\/em>plus de 25 pays, de Paris \u00e0 Bruxelles en passant par Oslo, Helsinki, Ath\u00e8nes, Lisbonne, Dublin\u2026 !<\/p>\n<p><span style=\"color: initial; font-family: -apple-system, BlinkMacSystemFont, 'Segoe UI', Roboto, Oxygen-Sans, Ubuntu, Cantarell, 'Helvetica Neue', sans-serif;\">34 pays<\/span><\/p>\n<ul>\n<li>&gt; 22000 Km<\/li>\n<li>4 mois<\/li>\n<\/ul>\n<hr \/>\n<h2>Avant le d\u00e9part :<\/h2>\n<hr \/>\n<h2><strong>Euro Electric Tour*<\/strong><br \/><strong><img decoding=\"async\" src=\"\/w\/wp-content\/uploads\/2019\/03\/201505_EET_carte-150x150.png\" alt=\"201505_EET_carte\" width=\"150\" height=\"150\" \/><\/strong>plus de 25 pays, de Paris \u00e0 Bruxelles en passant par Ath\u00e8nes, Helsinki, Lisbonne,\u2026 !<\/h2>\n<\/blockquote>\n<p><strong>D\u00e9couvrir et partager l\u2019Europe en allant \u00e0 sa rencontre, en voiture \u00e9lectrique !<\/strong><\/p>\n<p><img decoding=\"async\" src=\"\/w\/wp-content\/uploads\/2019\/03\/201405_Autoroute_AT_S4320812-150x150.jpg\" alt=\"201405_Autoroute_AT_S4320812\" width=\"150\" height=\"150\" \/><\/p>\n<p align=\"justify\">Alors que la pr\u00e9paration de ce p\u00e9riple d\u00e9bute, les remarques fusent : en \u00e9lectrique, ce n\u2019est pas possible ! il n\u2019y a pas de pompes ! pourquoi pas avec un diesel, si pratique, disponible et \u00e9conomique !<\/p>\n<p align=\"justify\"><strong>Traverser l\u2019Europe<\/strong> en d\u00e9versant des gaz d\u2019\u00e9chappement diesel que m\u00eame l\u2019Organisation Mondiale de la Sant\u00e9 confirme comme canc\u00e9rig\u00e8nes, est-ce raisonnable ?<\/p>\n<p align=\"justify\">Les voitures \u00e9lectriques g\u00e9n\u00e8rent beaucoup moins de nuisances \u00e0 l\u2019utilisation. Avec l\u2019am\u00e9lioration de leur construction, de leur rechargement et le recyclage, elle peuvent conqu\u00e9rir le monde !<\/p>\n<p align=\"justify\"><img decoding=\"async\" src=\"\/w\/wp-content\/uploads\/2019\/03\/201405_nature_Autriche_S4310161-150x150.jpg\" alt=\"201405_nature_Autriche_S4310161\" width=\"150\" height=\"150\" \/>A ce jour peu sont capables d\u2019effectuer plus de 100Km sans recharger, mais nous sommes au XXI\u00e8me si\u00e8cle ! L\u2019\u00e9lectricit\u00e9 est pr\u00e9sente partout et de plus en plus produite \u00e0 partir de sources renouvelables. Elle alimente aussi bien notre \u00e9clairage, nos jouets, notre cuisine, nos mobiles, nos v\u00e9los, nos magasins, nos trains, nos entreprises, nos ordinateurs et Internet !<\/p>\n<p align=\"justify\">D\u2019accord, mais trouver une prise accessible plusieurs heures tous les 100km, ce n\u2019est pas r\u00e9aliste !<\/p>\n<p align=\"justify\">Avec une distance moyenne de 160Km par jour, c\u2019est possible ! Avec une Tesla S ce sera une r\u00e9alit\u00e9 : avec ses chargeurs rapides pr\u00e9sents dans plusieurs pays, son autonomie d\u00e9passant les 400Km r\u00e9els et des chargeurs publics, le nombre de prises compl\u00e9mentaires deviens raisonnable.<\/p>\n<p align=\"justify\"><img loading=\"lazy\" decoding=\"async\" src=\"\/w\/wp-content\/uploads\/2019\/03\/201401_Tesla_NO_S4280156-150x150.jpg\" alt=\"201401_Tesla_NO_S4280156\" width=\"150\" height=\"150\" \/>Cependant il est difficile de disposer d\u2019une Tesla S pour quelques mois. Les offres de location \u00e0 la journ\u00e9e et de longue dur\u00e9e, souvent pour 3 ans, ne conviennent pas, sans parler de contraintes comme \u00ab ne peuvent circuler que sur le territoire de la France m\u00e9tropolitaine \u00bb .<\/p>\n<p align=\"justify\">Un partenariat avec une soci\u00e9t\u00e9 proposant des Tesla S en location permettrait au v\u00e9hicule lou\u00e9 de circuler en Europe pendant les quelques mois du projet. Une discussion d\u00e9j\u00e0 entam\u00e9e peut permettre un d\u00e9part avant l\u2019\u00e9t\u00e9, durant la Semaine Europ\u00e9enne de l\u2019Energie Durable (15 au 19 juin) !<\/p>\n<p align=\"justify\">Acc\u00e9l\u00e9rons les choses, montrez votre int\u00e9r\u00eat, suivez et participez \u00e0 l\u2019aventure ! D\u00e9couvrez ce territoire d\u2019une grande diversit\u00e9, aussi bien humaine que g\u00e9ographique. Avec ses paysages, ses villages et villes, \u00e0 la rencontre des habitants, artistes, associations, entreprises, acteurs locaux, voyageurs,\u2026 partenaires sans lesquels ce tour ne serait pas possible.<\/p>\n<p align=\"justify\"><strong>Pourquoi 25 pays ?<\/strong><\/p>\n<p align=\"justify\">Ce nombre repr\u00e9sente plus de la moiti\u00e9 de l\u2019Europe g\u00e9ographique qui compte plus de 40 pays. Sommes-nous capables d\u2019en citer d\u00e9j\u00e0 25 ?<br \/>Selon vous parmi ces 5 pays Andorre, Bulgarie, Croatie, Islande et Serbie combien appartiennent \u00e0 l\u2019Union Europ\u00e9enne ?<br \/>L\u2019histoire de l\u2019Europe est une succession de divisions, de g\u00e2chis inhumains mais aussi de conqu\u00eates culturelles, scientifiques et humaines. Depuis une cinquantaine d\u2019ann\u00e9es, des associations ont r\u00e9duit les tensions, am\u00e9liorent les \u00e9changes, en voici quelques-unes qui r\u00e9pondent \u00e0 la question pr\u00e9c\u00e9dente :<\/p>\n<p align=\"justify\">\u2013 19 membres : Zone Euro, une monnaie<br \/>\u2013 26 membres : Espace Schengen, une fronti\u00e8re<br \/>\u2013 28 membres : Union Europ\u00e9enne, \u00ab Unie dans la diversit\u00e9 \u00bb<br \/>\u2013 31 membres : Espace \u00e9conomique europ\u00e9en, compos\u00e9e de l\u2019UE (hors Croatie en cours) ainsi que Norv\u00e8ge, Suisse, Liechtenstein et Islande<br \/>\u2013 47 membres : Conseil de l\u2019Europe, une protection des droits. Incluant les membres de l\u2019UE, Andorre, Serbie,\u2026<\/p>\n<p align=\"justify\"><strong>A travers ce d\u00e9fi, red\u00e9couvrons l\u2019Europe d\u2019aujourd\u2019hui en \u00e9lectrique et pr\u00e9parons celle de demain !<\/strong><\/p>\n<p align=\"justify\"><img loading=\"lazy\" decoding=\"async\" src=\"\/w\/wp-content\/uploads\/2019\/03\/20150327_Serge_Marcoussis_153846-150x150.jpg\" alt=\"20150327_Serge_Marcoussis_153846\" width=\"150\" height=\"150\" \/>Serge R, 18 pays d\u2019Europe visit\u00e9s, 4 langues parl\u00e9es, des roads-trips en Am\u00e9rique, Australie, Europe et aussi Afrique \u00e0 l\u2019occasion d\u2019un \u00e9co-volontariat, fan de beaux paysages, projets innovants, mus\u00e9es, \u00e9changes, tradition et modernit\u00e9,\u2026<br \/>Le nombre de personnes participant augmente et couvrira l\u2019Europe dans les prochains mois. Parmi eux une \u00e9quipe d\u2019\u00e9tudiants qui pr\u00e9pare son propre Rallye Etudiant Europ\u00e9en de promotion du VE. Les propositions de partenariat, mat\u00e9riel, financement, services, ou m\u00e9dia comme celle de Tesla-Mag sont les bienvenues ! (Contact : via le site web )<img loading=\"lazy\" decoding=\"async\" src=\"\/w\/wp-content\/uploads\/2019\/03\/20140620_Serge_MC_135805-150x150.jpg\" alt=\"20140620_Serge_MC_135805\" width=\"150\" height=\"150\" \/><\/p>\n<p align=\"justify\"><strong>Illustrations :<\/strong><\/p>\n<ul>\n<li><span class='tooltipsall tooltipsincontent classtoolTips0'>Carte<\/span> EET, Europe, par Serge R, Mars 2015 (fond de <span class='tooltipsall tooltipsincontent classtoolTips0'>Carte<\/span> : <a href=\"http:\/\/bookshop.europa.eu\/fr\/unie-dans-la-diversit--pbKC0113688\/\" target=\"_blank\" rel=\"noopener noreferrer\">http:\/\/bookshop.europa.eu\/fr\/unie-dans-la-diversit\u2013pbKC0113688\/<\/a>)<\/li>\n<li>Autoroute, R\u00e9gion de Graz, Autriche, photo par Serge R, Mai 2014<\/li>\n<li>Nature, R\u00e9gion de Graz, Autriche, photo par Serge R, Mai 2014<\/li>\n<li>Tesla S, Oslo, Norv\u00e8ge, photo par Serge R, Janvier 2014<\/li>\n<li>Serge R, Marcoussis, France, Mars 2015<\/li>\n<li>Serge R, Monaco, Juin 2014<\/li>\n<\/ul>\n<p><script type=\"text\/javascript\" src=\"https:\/\/msg.euroelectrictour.com\/focus\/6.js\" async=\"async\"><\/script><div class=\"mautic-slot\" data-slot-name=\"weet-g-opt-in-options\"><\/div><\/p>\n<hr \/><hr \/>\n\n\n<p><\/p>\n<script type=\"text\/javascript\"> toolTips('.classtoolTips0','<img class=\"alignnone size-medium wp-image-1163\" src=\"https:\/\/fr.euroelectrictour.com\/fr\/wp-content\/uploads\/2015\/11\/images_myimg_20151113_eet_europaMapPhoto_mini-300x265.jpg\" alt=\"\" width=\"300\" height=\"265\" \/>'); <\/script>","protected":false},"excerpt":{"rendered":"<p>Euro Electric Tour* &#8211; grand tour d&rsquo;Europe en voiture \u00e9lectrique, plus de 25 pays, de Paris \u00e0 Bruxelles en passant par Oslo, Helsinki, Ath\u00e8nes, Lisbonne, Dublin\u2026 ! 34 pays &gt; 22000 Km 4 mois Avant le d\u00e9part : Euro Electric Tour*plus de 25 pays, de Paris \u00e0 Bruxelles en passant par Ath\u00e8nes, Helsinki, Lisbonne,\u2026 ! [&hellip;]<\/p>\n","protected":false},"author":3,"featured_media":658,"parent":0,"menu_order":0,"comment_status":"closed","ping_status":"closed","template":"","meta":{"footnotes":""},"class_list":["post-876","page","type-page","status-publish","has-post-thumbnail","czr-hentry"],"aioseo_notices":[],"publishpress_future_action":{"enabled":false,"date":"2026-04-11 05:28:20","action":"change-status","newStatus":"draft","terms":[],"taxonomy":"","extraData":[]},"publishpress_future_workflow_manual_trigger":{"enabledWorkflows":[]},"_links":{"self":[{"href":"https:\/\/fr.euroelectrictour.com\/fr\/wp-json\/wp\/v2\/pages\/876","targetHints":{"allow":["GET"]}}],"collection":[{"href":"https:\/\/fr.euroelectrictour.com\/fr\/wp-json\/wp\/v2\/pages"}],"about":[{"href":"https:\/\/fr.euroelectrictour.com\/fr\/wp-json\/wp\/v2\/types\/page"}],"author":[{"embeddable":true,"href":"https:\/\/fr.euroelectrictour.com\/fr\/wp-json\/wp\/v2\/users\/3"}],"replies":[{"embeddable":true,"href":"https:\/\/fr.euroelectrictour.com\/fr\/wp-json\/wp\/v2\/comments?post=876"}],"version-history":[{"count":11,"href":"https:\/\/fr.euroelectrictour.com\/fr\/wp-json\/wp\/v2\/pages\/876\/revisions"}],"predecessor-version":[{"id":1656,"href":"https:\/\/fr.euroelectrictour.com\/fr\/wp-json\/wp\/v2\/pages\/876\/revisions\/1656"}],"wp:featuredmedia":[{"embeddable":true,"href":"https:\/\/fr.euroelectrictour.com\/fr\/wp-json\/wp\/v2\/media\/658"}],"wp:attachment":[{"href":"https:\/\/fr.euroelectrictour.com\/fr\/wp-json\/wp\/v2\/media?parent=876"}],"curies":[{"name":"wp","href":"https:\/\/api.w.org\/{rel}","templated":true}]}}